{"id":75,"date":"2020-03-20T17:01:03","date_gmt":"2020-03-20T17:01:03","guid":{"rendered":"https:\/\/hochzeits-kutschen.ch\/?page_id=75"},"modified":"2023-03-17T13:21:04","modified_gmt":"2023-03-17T13:21:04","slug":"willkommen","status":"publish","type":"page","link":"https:\/\/hochzeits-kutschen.ch\/index.php\/willkommen\/","title":{"rendered":"Willkommen"},"content":{"rendered":"\n<h2 class=\"has-text-align-center wp-block-heading\"><strong>Marco&#8217;s Kutschenfahrten mit Friesenhengsten<\/strong><\/h2>\n\n\n\n<figure class=\"wp-block-gallery aligncenter has-nested-images columns-default is-cropped wp-block-gallery-1 is-layout-flex wp-block-gallery-is-layout-flex\">\n<figure class=\"wp-block-image size-large\"><img loading=\"lazy\" decoding=\"async\" width=\"1024\" height=\"175\" data-id=\"77\" src=\"https:\/\/hochzeits-kutschen.ch\/wp-content\/uploads\/2020\/03\/Kopf_Banner_neu1-1024x175.jpg\" alt=\"\" class=\"wp-image-77\" srcset=\"https:\/\/hochzeits-kutschen.ch\/wp-content\/uploads\/2020\/03\/Kopf_Banner_neu1-1024x175.jpg 1024w, https:\/\/hochzeits-kutschen.ch\/wp-content\/uploads\/2020\/03\/Kopf_Banner_neu1-300x51.jpg 300w, https:\/\/hochzeits-kutschen.ch\/wp-content\/uploads\/2020\/03\/Kopf_Banner_neu1-768x131.jpg 768w, https:\/\/hochzeits-kutschen.ch\/wp-content\/uploads\/2020\/03\/Kopf_Banner_neu1.jpg 1134w\" sizes=\"auto, (max-width: 767px) 89vw, (max-width: 1000px) 54vw, (max-width: 1071px) 543px, 580px\" \/><\/figure>\n<\/figure>\n\n\n\n<figure class=\"wp-block-image size-large is-resized\"><img loading=\"lazy\" decoding=\"async\" src=\"https:\/\/hochzeits-kutschen.ch\/wp-content\/uploads\/2020\/03\/Titel-Bild-Hochzeitskutsche-2.png\" alt=\"\" class=\"wp-image-78\" width=\"822\" height=\"537\" srcset=\"https:\/\/hochzeits-kutschen.ch\/wp-content\/uploads\/2020\/03\/Titel-Bild-Hochzeitskutsche-2.png 630w, https:\/\/hochzeits-kutschen.ch\/wp-content\/uploads\/2020\/03\/Titel-Bild-Hochzeitskutsche-2-300x196.png 300w\" sizes=\"auto, (max-width: 767px) 89vw, (max-width: 1000px) 54vw, (max-width: 1071px) 543px, 580px\" \/><figcaption class=\"wp-element-caption\"> Unterwegs f\u00fcr Sie wie zu Grossvater&#8217;s Zeiten. Gem\u00fctlich und entschleunigt unterwegs ab Ihrem gew\u00fcnschten Ort in   der ganzen Schweiz. Gerne begleiten wir Sie an Ihrem Hochzeit-, Geburtstag- oder Jubil\u00e4um-Kutschenfahrt. <\/figcaption><\/figure>\n","protected":false},"excerpt":{"rendered":"<p>Marco&#8217;s Kutschenfahrten mit Friesenhengsten<\/p>\n","protected":false},"author":1,"featured_media":0,"parent":0,"menu_order":100,"comment_status":"closed","ping_status":"closed","template":"","meta":{"footnotes":""},"class_list":["post-75","page","type-page","status-publish","hentry"],"_links":{"self":[{"href":"https:\/\/hochzeits-kutschen.ch\/index.php\/wp-json\/wp\/v2\/pages\/75","targetHints":{"allow":["GET"]}}],"collection":[{"href":"https:\/\/hochzeits-kutschen.ch\/index.php\/wp-json\/wp\/v2\/pages"}],"about":[{"href":"https:\/\/hochzeits-kutschen.ch\/index.php\/wp-json\/wp\/v2\/types\/page"}],"author":[{"embeddable":true,"href":"https:\/\/hochzeits-kutschen.ch\/index.php\/wp-json\/wp\/v2\/users\/1"}],"replies":[{"embeddable":true,"href":"https:\/\/hochzeits-kutschen.ch\/index.php\/wp-json\/wp\/v2\/comments?post=75"}],"version-history":[{"count":3,"href":"https:\/\/hochzeits-kutschen.ch\/index.php\/wp-json\/wp\/v2\/pages\/75\/revisions"}],"predecessor-version":[{"id":252,"href":"https:\/\/hochzeits-kutschen.ch\/index.php\/wp-json\/wp\/v2\/pages\/75\/revisions\/252"}],"wp:attachment":[{"href":"https:\/\/hochzeits-kutschen.ch\/index.php\/wp-json\/wp\/v2\/media?parent=75"}],"curies":[{"name":"wp","href":"https:\/\/api.w.org\/{rel}","templated":true}]}}